{"id":21,"date":"2016-07-28T08:49:56","date_gmt":"2016-07-28T08:49:56","guid":{"rendered":"https:\/\/satcheu.be\/?page_id=21"},"modified":"2024-05-21T10:29:13","modified_gmt":"2024-05-21T08:29:13","slug":"home","status":"publish","type":"page","link":"https:\/\/satcheu.be\/","title":{"rendered":"Accueil"},"content":{"rendered":"<div class=\"wpb-content-wrapper\"><p>[vc_row el_class=&#8221;cr-box-1&#8243;][vc_column width=&#8221;1\/2&#8243;]<div class=\"sc_section margin_top_px_100 margin_bottom_px_100\" data-animation=\"animated fadeInLeft normal\"><div class=\"sc_section_inner\"><div class=\"sc_section_content_wrap\"><h2 class=\"sc_title sc_title_underline margin_top_null margin_bottom_px_40\">Bienvenue sur le site des Satcheux<\/h2>[vc_column_text el_class=&#8221;hr-1&#8243;]D\u00e9couvrez une nouvelle fa\u00e7on de vous d\u00e9tendre et d&#8217;explorer les magnifiques paysages du Canal de l&#8217;Espierres avec notre service de location de bateaux \u00e0 Estaimpuis. Que vous soyez un passionn\u00e9 de la nature, un amateur de navigation ou simplement \u00e0 la recherche d&#8217;une exp\u00e9rience unique, notre service est con\u00e7u pour offrir \u00e0 chacun un moment inoubliable sur l&#8217;eau.[\/vc_column_text]<h1 class=\"sc_title sc_title_regular\"><\/p>\n<h2>Louez un Bateau et Explorez le Canal de l&#8217;espierres<\/h2>\n<p><\/h1>[vc_column_text]Plongez dans la s\u00e9r\u00e9nit\u00e9 du Canal de l&#8217;Espierres en louant l&#8217;un de nos bateaux confortables et bien \u00e9quip\u00e9s. Que vous souhaitiez passer une journ\u00e9e tranquille en famille, une escapade romantique ou une sortie entre amis, nous avons le bateau parfait pour vous.<\/p>\n<ul>\n<li><strong>Confort et S\u00e9curit\u00e9<\/strong> : Nos bateaux sont \u00e9quip\u00e9s pour garantir votre confort et votre s\u00e9curit\u00e9. Profitez de si\u00e8ges confortables, d&#8217;un espace ombrag\u00e9 et de tous les \u00e9quipements n\u00e9cessaires pour une navigation agr\u00e9able.<\/li>\n<li><strong>Sans Permis<\/strong> : Pas besoin de permis pour naviguer sur le canal. Apr\u00e8s un court briefing, vous serez pr\u00eat \u00e0 prendre la barre et \u00e0 explorer \u00e0 votre rythme.<\/li>\n<li><strong>Pour Tous les \u00c2ges<\/strong> : Que vous soyez novice ou exp\u00e9riment\u00e9, jeune ou moins jeune, nos bateaux sont accessibles \u00e0 tous. Les enfants adoreront cette aventure aquatique !<\/li>\n<\/ul>\n<p>[\/vc_column_text]<\/div><\/div><\/div>[\/vc_column][vc_column width=&#8221;1\/2&#8243;]<div class=\"sc_section margin_top_px_100 margin_bottom_px_100\" data-animation=\"animated fadeInRight normal\"><div class=\"sc_section_inner\"><div class=\"sc_section_content_wrap\"><figure class=\"sc_image  sc_image_shape_square\"><img decoding=\"async\" src=\"https:\/\/satcheu.be\/wp-content\/uploads\/2024\/05\/IMG_20240515_154854.jpg\" alt=\"\" \/><\/figure><h3 class=\"sc_title sc_title_regular\"><\/p>\n<h4>D\u00e9couvrez les Paysages Enchanteurs du Canal<\/h4>\n<p><\/h3>[vc_column_text]Le Canal de l&#8217;Espierres offre une diversit\u00e9 de paysages pittoresques qui raviront vos yeux et apaiseront votre esprit. Naviguez \u00e0 travers des \u00e9tendues verdoyantes, admirez la faune et la flore locales, et laissez-vous surprendre par la beaut\u00e9 tranquille de cette voie d&#8217;eau historique.[\/vc_column_text]<\/div><\/div><\/div>[\/vc_column][\/vc_row]<\/p>\n<\/div>","protected":false},"excerpt":{"rendered":"<p>[vc_row el_class=&#8221;cr-box-1&#8243;][vc_column width=&#8221;1\/2&#8243;][\/vc_column][vc_column width=&#8221;1\/2&#8243;][\/vc_column][\/vc_row]<\/p>\n","protected":false},"author":1,"featured_media":0,"parent":0,"menu_order":0,"comment_status":"closed","ping_status":"closed","template":"","meta":{"footnotes":""},"class_list":["post-21","page","type-page","status-publish","hentry"],"_links":{"self":[{"href":"https:\/\/satcheu.be\/index.php\/wp-json\/wp\/v2\/pages\/21","targetHints":{"allow":["GET"]}}],"collection":[{"href":"https:\/\/satcheu.be\/index.php\/wp-json\/wp\/v2\/pages"}],"about":[{"href":"https:\/\/satcheu.be\/index.php\/wp-json\/wp\/v2\/types\/page"}],"author":[{"embeddable":true,"href":"https:\/\/satcheu.be\/index.php\/wp-json\/wp\/v2\/users\/1"}],"replies":[{"embeddable":true,"href":"https:\/\/satcheu.be\/index.php\/wp-json\/wp\/v2\/comments?post=21"}],"version-history":[{"count":5,"href":"https:\/\/satcheu.be\/index.php\/wp-json\/wp\/v2\/pages\/21\/revisions"}],"predecessor-version":[{"id":1140,"href":"https:\/\/satcheu.be\/index.php\/wp-json\/wp\/v2\/pages\/21\/revisions\/1140"}],"wp:attachment":[{"href":"https:\/\/satcheu.be\/index.php\/wp-json\/wp\/v2\/media?parent=21"}],"curies":[{"name":"wp","href":"https:\/\/api.w.org\/{rel}","templated":true}]}}